{"id":8,"date":"2022-07-11T12:38:25","date_gmt":"2022-07-11T12:38:25","guid":{"rendered":"http:\/\/www.iskierkapromyczektorun.com.pl\/?page_id=8"},"modified":"2025-01-10T10:34:00","modified_gmt":"2025-01-10T10:34:00","slug":"dokumenty","status":"publish","type":"page","link":"http:\/\/www.iskierkapromyczektorun.com.pl\/index.php\/dokumenty\/","title":{"rendered":"Dokumenty"},"content":{"rendered":"\n<div class=\"wp-block-file\"><a id=\"wp-block-file--media-f986752e-dbac-4be2-a12b-df66fc1dcd08\" href=\"http:\/\/www.iskierkapromyczektorun.com.pl\/wp-content\/uploads\/2023\/03\/upowaznienie-do-odbioru-dziecka-1.jpg\">Upowa\u017cnienie do odbioru dziecka<\/a><a href=\"http:\/\/www.iskierkapromyczektorun.com.pl\/wp-content\/uploads\/2023\/03\/upowaznienie-do-odbioru-dziecka-1.jpg\" class=\"wp-block-file__button\" download aria-describedby=\"wp-block-file--media-f986752e-dbac-4be2-a12b-df66fc1dcd08\">Pobierz<\/a><\/div>\n\n\n\n<div class=\"wp-block-file\"><object class=\"wp-block-file__embed\" data=\"http:\/\/www.iskierkapromyczektorun.com.pl\/wp-content\/uploads\/2023\/03\/KARTA-ZGLOSZENIA-ZLOBEK.pdf\" type=\"application\/pdf\" style=\"width:100%;height:600px\" aria-label=\"Osadzone z Karta zg\u0142oszenia dziecka do \u017c\u0142obka.\"><\/object><a id=\"wp-block-file--media-046fb63b-cda0-4deb-8c90-f49ff99caee5\" href=\"http:\/\/www.iskierkapromyczektorun.com.pl\/wp-content\/uploads\/2023\/03\/KARTA-ZGLOSZENIA-ZLOBEK.pdf\">Karta zg\u0142oszenia dziecka do \u017c\u0142obka<\/a><a href=\"http:\/\/www.iskierkapromyczektorun.com.pl\/wp-content\/uploads\/2023\/03\/KARTA-ZGLOSZENIA-ZLOBEK.pdf\" class=\"wp-block-file__button\" download aria-describedby=\"wp-block-file--media-046fb63b-cda0-4deb-8c90-f49ff99caee5\">Pobierz<\/a><\/div>\n\n\n\n<div class=\"wp-block-file\"><object class=\"wp-block-file__embed\" data=\"http:\/\/www.iskierkapromyczektorun.com.pl\/wp-content\/uploads\/2023\/03\/KARTA-ZGLOSZENIA-PRZEDSZKOLE-.docx.pdf\" type=\"application\/pdf\" style=\"width:100%;height:600px\" aria-label=\"Osadzone z KARTA-ZGLOSZENIA-PRZEDSZKOLE-.docx.\"><\/object><a id=\"wp-block-file--media-591d2de3-4637-41ab-a34b-ad8aa43a9e2e\" href=\"http:\/\/www.iskierkapromyczektorun.com.pl\/wp-content\/uploads\/2023\/03\/KARTA-ZGLOSZENIA-PRZEDSZKOLE-.docx.pdf\">KARTA-ZGLOSZENIA-PRZEDSZKOLE-.docx<\/a><a href=\"http:\/\/www.iskierkapromyczektorun.com.pl\/wp-content\/uploads\/2023\/03\/KARTA-ZGLOSZENIA-PRZEDSZKOLE-.docx.pdf\" class=\"wp-block-file__button\" download aria-describedby=\"wp-block-file--media-591d2de3-4637-41ab-a34b-ad8aa43a9e2e\">Pobierz<\/a><\/div>\n","protected":false},"excerpt":{"rendered":"","protected":false},"author":1,"featured_media":0,"parent":0,"menu_order":0,"comment_status":"closed","ping_status":"closed","template":"","meta":[],"yoast_head":"<!-- This site is optimized with the Yoast SEO plugin v19.5.1 - https:\/\/yoast.com\/wordpress\/plugins\/seo\/ -->\n<title>Dokumenty - Przedszkole Niepubliczne &quot;Promyczek&quot;, Niepubliczny \u017b\u0142obek &quot;Iskierka&quot;<\/title>\n<meta name=\"robots\" content=\"index, follow, max-snippet:-1, max-image-preview:large, max-video-preview:-1\" \/>\n<link rel=\"canonical\" href=\"https:\/\/www.iskierkapromyczektorun.com.pl\/index.php\/dokumenty\/\" \/>\n<meta property=\"og:locale\" content=\"pl_PL\" \/>\n<meta property=\"og:type\" content=\"article\" \/>\n<meta property=\"og:title\" content=\"Dokumenty - Przedszkole Niepubliczne &quot;Promyczek&quot;, Niepubliczny \u017b\u0142obek &quot;Iskierka&quot;\" \/>\n<meta property=\"og:url\" content=\"https:\/\/www.iskierkapromyczektorun.com.pl\/index.php\/dokumenty\/\" \/>\n<meta property=\"og:site_name\" content=\"Przedszkole Niepubliczne &quot;Promyczek&quot;, Niepubliczny \u017b\u0142obek &quot;Iskierka&quot;\" \/>\n<meta property=\"article:publisher\" content=\"https:\/\/www.facebook.com\/promyczek.iskierka\/\" \/>\n<meta property=\"article:modified_time\" content=\"2025-01-10T10:34:00+00:00\" \/>\n<meta name=\"twitter:card\" content=\"summary_large_image\" \/>\n<meta name=\"twitter:label1\" content=\"Szacowany czas czytania\" \/>\n\t<meta name=\"twitter:data1\" content=\"1 minuta\" \/>\n<script type=\"application\/ld+json\" class=\"yoast-schema-graph\">{\"@context\":\"https:\/\/schema.org\",\"@graph\":[{\"@type\":\"WebPage\",\"@id\":\"https:\/\/www.iskierkapromyczektorun.com.pl\/index.php\/dokumenty\/\",\"url\":\"https:\/\/www.iskierkapromyczektorun.com.pl\/index.php\/dokumenty\/\",\"name\":\"Dokumenty - Przedszkole Niepubliczne &quot;Promyczek&quot;, Niepubliczny \u017b\u0142obek &quot;Iskierka&quot;\",\"isPartOf\":{\"@id\":\"http:\/\/www.iskierkapromyczektorun.com.pl\/#website\"},\"datePublished\":\"2022-07-11T12:38:25+00:00\",\"dateModified\":\"2025-01-10T10:34:00+00:00\",\"breadcrumb\":{\"@id\":\"https:\/\/www.iskierkapromyczektorun.com.pl\/index.php\/dokumenty\/#breadcrumb\"},\"inLanguage\":\"pl-PL\",\"potentialAction\":[{\"@type\":\"ReadAction\",\"target\":[\"https:\/\/www.iskierkapromyczektorun.com.pl\/index.php\/dokumenty\/\"]}]},{\"@type\":\"BreadcrumbList\",\"@id\":\"https:\/\/www.iskierkapromyczektorun.com.pl\/index.php\/dokumenty\/#breadcrumb\",\"itemListElement\":[{\"@type\":\"ListItem\",\"position\":1,\"name\":\"Strona g\u0142\u00f3wna\",\"item\":\"http:\/\/www.iskierkapromyczektorun.com.pl\/\"},{\"@type\":\"ListItem\",\"position\":2,\"name\":\"Dokumenty\"}]},{\"@type\":\"WebSite\",\"@id\":\"http:\/\/www.iskierkapromyczektorun.com.pl\/#website\",\"url\":\"http:\/\/www.iskierkapromyczektorun.com.pl\/\",\"name\":\"Przedszkole Niepubliczne &quot;Promyczek&quot;, Niepubliczny \u017b\u0142obek &quot;Iskierka&quot;\",\"description\":\"Przedszkole Niepubliczne &quot;Promyczek&quot;, Niepubliczny \u017b\u0142obek &quot;Iskierka&quot;\",\"publisher\":{\"@id\":\"http:\/\/www.iskierkapromyczektorun.com.pl\/#organization\"},\"potentialAction\":[{\"@type\":\"SearchAction\",\"target\":{\"@type\":\"EntryPoint\",\"urlTemplate\":\"http:\/\/www.iskierkapromyczektorun.com.pl\/?s={search_term_string}\"},\"query-input\":\"required name=search_term_string\"}],\"inLanguage\":\"pl-PL\"},{\"@type\":\"Organization\",\"@id\":\"http:\/\/www.iskierkapromyczektorun.com.pl\/#organization\",\"name\":\"Niepubliczny \u017b\u0142obek \\\"Iskierka i Niepubliczne Przedszkole \\\"Promyczek\\\"\",\"url\":\"http:\/\/www.iskierkapromyczektorun.com.pl\/\",\"sameAs\":[\"https:\/\/www.instagram.com\/iskierka.promyczek.torun\/\",\"https:\/\/www.facebook.com\/promyczek.iskierka\/\"],\"logo\":{\"@type\":\"ImageObject\",\"inLanguage\":\"pl-PL\",\"@id\":\"http:\/\/www.iskierkapromyczektorun.com.pl\/#\/schema\/logo\/image\/\",\"url\":\"http:\/\/www.iskierkapromyczektorun.com.pl\/wp-content\/uploads\/2022\/07\/cropped-cropped-cropped-cropped-cropped-cropped-ISKIERKA-1.jpg\",\"contentUrl\":\"http:\/\/www.iskierkapromyczektorun.com.pl\/wp-content\/uploads\/2022\/07\/cropped-cropped-cropped-cropped-cropped-cropped-ISKIERKA-1.jpg\",\"width\":250,\"height\":250,\"caption\":\"Niepubliczny \u017b\u0142obek \\\"Iskierka i Niepubliczne Przedszkole \\\"Promyczek\\\"\"},\"image\":{\"@id\":\"http:\/\/www.iskierkapromyczektorun.com.pl\/#\/schema\/logo\/image\/\"}}]}<\/script>\n<!-- \/ Yoast SEO plugin. -->","yoast_head_json":{"title":"Dokumenty - Przedszkole Niepubliczne &quot;Promyczek&quot;, Niepubliczny \u017b\u0142obek &quot;Iskierka&quot;","robots":{"index":"index","follow":"follow","max-snippet":"max-snippet:-1","max-image-preview":"max-image-preview:large","max-video-preview":"max-video-preview:-1"},"canonical":"https:\/\/www.iskierkapromyczektorun.com.pl\/index.php\/dokumenty\/","og_locale":"pl_PL","og_type":"article","og_title":"Dokumenty - Przedszkole Niepubliczne &quot;Promyczek&quot;, Niepubliczny \u017b\u0142obek &quot;Iskierka&quot;","og_url":"https:\/\/www.iskierkapromyczektorun.com.pl\/index.php\/dokumenty\/","og_site_name":"Przedszkole Niepubliczne &quot;Promyczek&quot;, Niepubliczny \u017b\u0142obek &quot;Iskierka&quot;","article_publisher":"https:\/\/www.facebook.com\/promyczek.iskierka\/","article_modified_time":"2025-01-10T10:34:00+00:00","twitter_card":"summary_large_image","twitter_misc":{"Szacowany czas czytania":"1 minuta"},"schema":{"@context":"https:\/\/schema.org","@graph":[{"@type":"WebPage","@id":"https:\/\/www.iskierkapromyczektorun.com.pl\/index.php\/dokumenty\/","url":"https:\/\/www.iskierkapromyczektorun.com.pl\/index.php\/dokumenty\/","name":"Dokumenty - Przedszkole Niepubliczne &quot;Promyczek&quot;, Niepubliczny \u017b\u0142obek &quot;Iskierka&quot;","isPartOf":{"@id":"http:\/\/www.iskierkapromyczektorun.com.pl\/#website"},"datePublished":"2022-07-11T12:38:25+00:00","dateModified":"2025-01-10T10:34:00+00:00","breadcrumb":{"@id":"https:\/\/www.iskierkapromyczektorun.com.pl\/index.php\/dokumenty\/#breadcrumb"},"inLanguage":"pl-PL","potentialAction":[{"@type":"ReadAction","target":["https:\/\/www.iskierkapromyczektorun.com.pl\/index.php\/dokumenty\/"]}]},{"@type":"BreadcrumbList","@id":"https:\/\/www.iskierkapromyczektorun.com.pl\/index.php\/dokumenty\/#breadcrumb","itemListElement":[{"@type":"ListItem","position":1,"name":"Strona g\u0142\u00f3wna","item":"http:\/\/www.iskierkapromyczektorun.com.pl\/"},{"@type":"ListItem","position":2,"name":"Dokumenty"}]},{"@type":"WebSite","@id":"http:\/\/www.iskierkapromyczektorun.com.pl\/#website","url":"http:\/\/www.iskierkapromyczektorun.com.pl\/","name":"Przedszkole Niepubliczne &quot;Promyczek&quot;, Niepubliczny \u017b\u0142obek &quot;Iskierka&quot;","description":"Przedszkole Niepubliczne &quot;Promyczek&quot;, Niepubliczny \u017b\u0142obek &quot;Iskierka&quot;","publisher":{"@id":"http:\/\/www.iskierkapromyczektorun.com.pl\/#organization"},"potentialAction":[{"@type":"SearchAction","target":{"@type":"EntryPoint","urlTemplate":"http:\/\/www.iskierkapromyczektorun.com.pl\/?s={search_term_string}"},"query-input":"required name=search_term_string"}],"inLanguage":"pl-PL"},{"@type":"Organization","@id":"http:\/\/www.iskierkapromyczektorun.com.pl\/#organization","name":"Niepubliczny \u017b\u0142obek \"Iskierka i Niepubliczne Przedszkole \"Promyczek\"","url":"http:\/\/www.iskierkapromyczektorun.com.pl\/","sameAs":["https:\/\/www.instagram.com\/iskierka.promyczek.torun\/","https:\/\/www.facebook.com\/promyczek.iskierka\/"],"logo":{"@type":"ImageObject","inLanguage":"pl-PL","@id":"http:\/\/www.iskierkapromyczektorun.com.pl\/#\/schema\/logo\/image\/","url":"http:\/\/www.iskierkapromyczektorun.com.pl\/wp-content\/uploads\/2022\/07\/cropped-cropped-cropped-cropped-cropped-cropped-ISKIERKA-1.jpg","contentUrl":"http:\/\/www.iskierkapromyczektorun.com.pl\/wp-content\/uploads\/2022\/07\/cropped-cropped-cropped-cropped-cropped-cropped-ISKIERKA-1.jpg","width":250,"height":250,"caption":"Niepubliczny \u017b\u0142obek \"Iskierka i Niepubliczne Przedszkole \"Promyczek\""},"image":{"@id":"http:\/\/www.iskierkapromyczektorun.com.pl\/#\/schema\/logo\/image\/"}}]}},"_links":{"self":[{"href":"http:\/\/www.iskierkapromyczektorun.com.pl\/index.php\/wp-json\/wp\/v2\/pages\/8"}],"collection":[{"href":"http:\/\/www.iskierkapromyczektorun.com.pl\/index.php\/wp-json\/wp\/v2\/pages"}],"about":[{"href":"http:\/\/www.iskierkapromyczektorun.com.pl\/index.php\/wp-json\/wp\/v2\/types\/page"}],"author":[{"embeddable":true,"href":"http:\/\/www.iskierkapromyczektorun.com.pl\/index.php\/wp-json\/wp\/v2\/users\/1"}],"replies":[{"embeddable":true,"href":"http:\/\/www.iskierkapromyczektorun.com.pl\/index.php\/wp-json\/wp\/v2\/comments?post=8"}],"version-history":[{"count":9,"href":"http:\/\/www.iskierkapromyczektorun.com.pl\/index.php\/wp-json\/wp\/v2\/pages\/8\/revisions"}],"predecessor-version":[{"id":762,"href":"http:\/\/www.iskierkapromyczektorun.com.pl\/index.php\/wp-json\/wp\/v2\/pages\/8\/revisions\/762"}],"wp:attachment":[{"href":"http:\/\/www.iskierkapromyczektorun.com.pl\/index.php\/wp-json\/wp\/v2\/media?parent=8"}],"curies":[{"name":"wp","href":"https:\/\/api.w.org\/{rel}","templated":true}]}}