{"id":50,"date":"2022-07-11T12:47:14","date_gmt":"2022-07-11T12:47:14","guid":{"rendered":"http:\/\/www.iskierkapromyczektorun.com.pl\/?page_id=50"},"modified":"2025-06-04T13:31:49","modified_gmt":"2025-06-04T13:31:49","slug":"rekrutacja","status":"publish","type":"page","link":"http:\/\/www.iskierkapromyczektorun.com.pl\/index.php\/rekrutacja\/","title":{"rendered":"Rekrutacja"},"content":{"rendered":"\n<figure class=\"wp-block-image size-large\"><img loading=\"lazy\" width=\"1024\" height=\"735\" src=\"http:\/\/www.iskierkapromyczektorun.com.pl\/wp-content\/uploads\/2025\/06\/nabor-1-1024x735.jpg\" alt=\"\" class=\"wp-image-811\" srcset=\"http:\/\/www.iskierkapromyczektorun.com.pl\/wp-content\/uploads\/2025\/06\/nabor-1-1024x735.jpg 1024w, http:\/\/www.iskierkapromyczektorun.com.pl\/wp-content\/uploads\/2025\/06\/nabor-1-300x215.jpg 300w, http:\/\/www.iskierkapromyczektorun.com.pl\/wp-content\/uploads\/2025\/06\/nabor-1-768x551.jpg 768w, http:\/\/www.iskierkapromyczektorun.com.pl\/wp-content\/uploads\/2025\/06\/nabor-1.jpg 1174w\" sizes=\"(max-width: 1024px) 100vw, 1024px\" \/><\/figure>\n\n\n\n<div class=\"wp-container-3 wp-block-columns\">\n<div class=\"wp-container-1 wp-block-column is-vertically-aligned-center\">\n<div class=\"wp-block-contact-form-7-contact-form-selector\"><div role=\"form\" class=\"wpcf7\" id=\"wpcf7-f139-o1\" lang=\"pl-PL\" dir=\"ltr\">\n<div class=\"screen-reader-response\"><p role=\"status\" aria-live=\"polite\" aria-atomic=\"true\"><\/p> <ul><\/ul><\/div>\n<form action=\"\/index.php\/wp-json\/wp\/v2\/pages\/50#wpcf7-f139-o1\" method=\"post\" class=\"wpcf7-form init\" novalidate=\"novalidate\" data-status=\"init\">\n<div style=\"display: none;\">\n<input type=\"hidden\" name=\"_wpcf7\" value=\"139\" \/>\n<input type=\"hidden\" name=\"_wpcf7_version\" value=\"5.6.2\" \/>\n<input type=\"hidden\" name=\"_wpcf7_locale\" value=\"pl_PL\" \/>\n<input type=\"hidden\" name=\"_wpcf7_unit_tag\" value=\"wpcf7-f139-o1\" \/>\n<input type=\"hidden\" name=\"_wpcf7_container_post\" value=\"0\" \/>\n<input type=\"hidden\" name=\"_wpcf7_posted_data_hash\" value=\"\" \/>\n<\/div>\n<p>Dane dziecka:<br \/>\n<span class=\"wpcf7-form-control-wrap\" data-name=\"menu-343\"><select name=\"menu-343\" class=\"wpcf7-form-control wpcf7-select wpcf7-validates-as-required\" aria-required=\"true\" aria-invalid=\"false\"><option value=\"\u017b\u0142obek\">\u017b\u0142obek<\/option><option value=\"Przedszkole\">Przedszkole<\/option><\/select><\/span><br \/>\n<label> Imi\u0119 i nazwisko<br \/>\n    <span class=\"wpcf7-form-control-wrap\" data-name=\"yourd-name\"><input type=\"text\" name=\"yourd-name\" value=\"\" size=\"40\" class=\"wpcf7-form-control wpcf7-text wpcf7-validates-as-required\" aria-required=\"true\" aria-invalid=\"false\" \/><\/span> <\/label><br \/>\n<label> Data urodzenia dziecka d-m-r<br \/>\n    <span class=\"wpcf7-form-control-wrap\" data-name=\"data\"><input type=\"text\" name=\"data\" value=\"\" size=\"40\" class=\"wpcf7-form-control wpcf7-text wpcf7-validates-as-required\" aria-required=\"true\" aria-invalid=\"false\" \/><\/span> <\/label><br \/>\nDane opiekuna:<br \/>\n<label> Imi\u0119 i nazwisko<br \/>\n    <span class=\"wpcf7-form-control-wrap\" data-name=\"your-name\"><input type=\"text\" name=\"your-name\" value=\"\" size=\"40\" class=\"wpcf7-form-control wpcf7-text wpcf7-validates-as-required\" aria-required=\"true\" aria-invalid=\"false\" \/><\/span> <\/label><br \/>\n<label> Tw\u00f3j adres e-mail<br \/>\n    <span class=\"wpcf7-form-control-wrap\" data-name=\"your-email\"><input type=\"email\" name=\"your-email\" value=\"\" size=\"40\" class=\"wpcf7-form-control wpcf7-text wpcf7-email wpcf7-validates-as-required wpcf7-validates-as-email\" aria-required=\"true\" aria-invalid=\"false\" \/><\/span> <\/label><br \/>\n<label> Telefon kontaktowy<br \/>\n    <span class=\"wpcf7-form-control-wrap\" data-name=\"Telefonkontaktowy\"><input type=\"tel\" name=\"Telefonkontaktowy\" value=\"\" size=\"40\" class=\"wpcf7-form-control wpcf7-text wpcf7-tel wpcf7-validates-as-required wpcf7-validates-as-tel\" aria-required=\"true\" aria-invalid=\"false\" \/><\/span> <\/label><br \/>\n<label> Uwagi<br \/>\n    <span class=\"wpcf7-form-control-wrap\" data-name=\"your-message\"><textarea name=\"your-message\" cols=\"40\" rows=\"10\" class=\"wpcf7-form-control wpcf7-textarea wpcf7-validates-as-required\" aria-required=\"true\" aria-invalid=\"false\"><\/textarea><\/span> <\/label><\/p>\n<p><input type=\"submit\" value=\"Wy\u015blij\" class=\"wpcf7-form-control has-spinner wpcf7-submit\" \/><\/p>\n<div class=\"wpcf7-response-output\" aria-hidden=\"true\"><\/div><\/form><\/div><\/div>\n<\/div>\n\n\n\n<div class=\"wp-container-2 wp-block-column\">\n<p><strong>Aby zapisa\u0107 dziecko do przedszkola lub \u017c\u0142obka:<\/strong><\/p>\n\n\n\n<ol><li>Wykorzystaj dost\u0119pny po lewej stronie formularz rekrutacyjny. Po przes\u0142aniu danych, skontaktujemy si\u0119 z Tob\u0105 w celu ich potwierdzenia oraz ustalenia dalszych krok\u00f3w rekrutacyjnych.<\/li><li>Zadzwo\u0144 do nas <br>numer telefonu: <br><em><strong>+ 48 724 125 340<\/strong><\/em> <br>lub napisz<strong><em> <\/em><\/strong><br><strong><em>promyczek.iskierka@gmail.com<\/em><\/strong><\/li><li>Skorzystaj z formularza kontaktowego w zak\u0142adce&nbsp;<a href=\"http:\/\/www.iskierkapromyczektorun.com.pl\/index.php\/kontakt\/\" target=\"_blank\" rel=\"noreferrer noopener\">Kontakt<\/a><\/li><\/ol>\n<\/div>\n<\/div>\n","protected":false},"excerpt":{"rendered":"<p>Aby zapisa\u0107 dziecko do przedszkola lub \u017c\u0142obka: Wykorzystaj dost\u0119pny po lewej stronie formularz rekrutacyjny. Po przes\u0142aniu danych, skontaktujemy si\u0119 z Tob\u0105 w celu ich potwierdzenia oraz ustalenia dalszych krok\u00f3w rekrutacyjnych. Zadzwo\u0144 do nas numer telefonu: + 48 724 125 340 lub napisz promyczek.iskierka@gmail.com Skorzystaj z formularza kontaktowego w zak\u0142adce&nbsp;Kontakt<\/p>\n","protected":false},"author":1,"featured_media":0,"parent":0,"menu_order":0,"comment_status":"closed","ping_status":"closed","template":"","meta":[],"yoast_head":"<!-- This site is optimized with the Yoast SEO plugin v19.5.1 - https:\/\/yoast.com\/wordpress\/plugins\/seo\/ -->\n<title>Rekrutacja - Przedszkole Niepubliczne &quot;Promyczek&quot;, Niepubliczny \u017b\u0142obek &quot;Iskierka&quot;<\/title>\n<meta name=\"robots\" content=\"index, follow, max-snippet:-1, max-image-preview:large, max-video-preview:-1\" \/>\n<link rel=\"canonical\" href=\"https:\/\/www.iskierkapromyczektorun.com.pl\/index.php\/rekrutacja\/\" \/>\n<meta property=\"og:locale\" content=\"pl_PL\" \/>\n<meta property=\"og:type\" content=\"article\" \/>\n<meta property=\"og:title\" content=\"Rekrutacja - Przedszkole Niepubliczne &quot;Promyczek&quot;, Niepubliczny \u017b\u0142obek &quot;Iskierka&quot;\" \/>\n<meta property=\"og:description\" content=\"Aby zapisa\u0107 dziecko do przedszkola lub \u017c\u0142obka: Wykorzystaj dost\u0119pny po lewej stronie formularz rekrutacyjny. Po przes\u0142aniu danych, skontaktujemy si\u0119 z Tob\u0105 w celu ich potwierdzenia oraz ustalenia dalszych krok\u00f3w rekrutacyjnych. Zadzwo\u0144 do nas numer telefonu: + 48 724 125 340 lub napisz promyczek.iskierka@gmail.com Skorzystaj z formularza kontaktowego w zak\u0142adce&nbsp;Kontakt\" \/>\n<meta property=\"og:url\" content=\"https:\/\/www.iskierkapromyczektorun.com.pl\/index.php\/rekrutacja\/\" \/>\n<meta property=\"og:site_name\" content=\"Przedszkole Niepubliczne &quot;Promyczek&quot;, Niepubliczny \u017b\u0142obek &quot;Iskierka&quot;\" \/>\n<meta property=\"article:publisher\" content=\"https:\/\/www.facebook.com\/promyczek.iskierka\/\" \/>\n<meta property=\"article:modified_time\" content=\"2025-06-04T13:31:49+00:00\" \/>\n<meta property=\"og:image\" content=\"http:\/\/www.iskierkapromyczektorun.com.pl\/wp-content\/uploads\/2025\/06\/nabor-1-1024x735.jpg\" \/>\n<meta name=\"twitter:card\" content=\"summary_large_image\" \/>\n<meta name=\"twitter:label1\" content=\"Szacowany czas czytania\" \/>\n\t<meta name=\"twitter:data1\" content=\"1 minuta\" \/>\n<script type=\"application\/ld+json\" class=\"yoast-schema-graph\">{\"@context\":\"https:\/\/schema.org\",\"@graph\":[{\"@type\":\"WebPage\",\"@id\":\"https:\/\/www.iskierkapromyczektorun.com.pl\/index.php\/rekrutacja\/\",\"url\":\"https:\/\/www.iskierkapromyczektorun.com.pl\/index.php\/rekrutacja\/\",\"name\":\"Rekrutacja - Przedszkole Niepubliczne &quot;Promyczek&quot;, Niepubliczny \u017b\u0142obek &quot;Iskierka&quot;\",\"isPartOf\":{\"@id\":\"http:\/\/www.iskierkapromyczektorun.com.pl\/#website\"},\"datePublished\":\"2022-07-11T12:47:14+00:00\",\"dateModified\":\"2025-06-04T13:31:49+00:00\",\"breadcrumb\":{\"@id\":\"https:\/\/www.iskierkapromyczektorun.com.pl\/index.php\/rekrutacja\/#breadcrumb\"},\"inLanguage\":\"pl-PL\",\"potentialAction\":[{\"@type\":\"ReadAction\",\"target\":[\"https:\/\/www.iskierkapromyczektorun.com.pl\/index.php\/rekrutacja\/\"]}]},{\"@type\":\"BreadcrumbList\",\"@id\":\"https:\/\/www.iskierkapromyczektorun.com.pl\/index.php\/rekrutacja\/#breadcrumb\",\"itemListElement\":[{\"@type\":\"ListItem\",\"position\":1,\"name\":\"Strona g\u0142\u00f3wna\",\"item\":\"http:\/\/www.iskierkapromyczektorun.com.pl\/\"},{\"@type\":\"ListItem\",\"position\":2,\"name\":\"Rekrutacja\"}]},{\"@type\":\"WebSite\",\"@id\":\"http:\/\/www.iskierkapromyczektorun.com.pl\/#website\",\"url\":\"http:\/\/www.iskierkapromyczektorun.com.pl\/\",\"name\":\"Przedszkole Niepubliczne &quot;Promyczek&quot;, Niepubliczny \u017b\u0142obek &quot;Iskierka&quot;\",\"description\":\"Przedszkole Niepubliczne &quot;Promyczek&quot;, Niepubliczny \u017b\u0142obek &quot;Iskierka&quot;\",\"publisher\":{\"@id\":\"http:\/\/www.iskierkapromyczektorun.com.pl\/#organization\"},\"potentialAction\":[{\"@type\":\"SearchAction\",\"target\":{\"@type\":\"EntryPoint\",\"urlTemplate\":\"http:\/\/www.iskierkapromyczektorun.com.pl\/?s={search_term_string}\"},\"query-input\":\"required name=search_term_string\"}],\"inLanguage\":\"pl-PL\"},{\"@type\":\"Organization\",\"@id\":\"http:\/\/www.iskierkapromyczektorun.com.pl\/#organization\",\"name\":\"Niepubliczny \u017b\u0142obek \\\"Iskierka i Niepubliczne Przedszkole \\\"Promyczek\\\"\",\"url\":\"http:\/\/www.iskierkapromyczektorun.com.pl\/\",\"sameAs\":[\"https:\/\/www.instagram.com\/iskierka.promyczek.torun\/\",\"https:\/\/www.facebook.com\/promyczek.iskierka\/\"],\"logo\":{\"@type\":\"ImageObject\",\"inLanguage\":\"pl-PL\",\"@id\":\"http:\/\/www.iskierkapromyczektorun.com.pl\/#\/schema\/logo\/image\/\",\"url\":\"http:\/\/www.iskierkapromyczektorun.com.pl\/wp-content\/uploads\/2022\/07\/cropped-cropped-cropped-cropped-cropped-cropped-ISKIERKA-1.jpg\",\"contentUrl\":\"http:\/\/www.iskierkapromyczektorun.com.pl\/wp-content\/uploads\/2022\/07\/cropped-cropped-cropped-cropped-cropped-cropped-ISKIERKA-1.jpg\",\"width\":250,\"height\":250,\"caption\":\"Niepubliczny \u017b\u0142obek \\\"Iskierka i Niepubliczne Przedszkole \\\"Promyczek\\\"\"},\"image\":{\"@id\":\"http:\/\/www.iskierkapromyczektorun.com.pl\/#\/schema\/logo\/image\/\"}}]}<\/script>\n<!-- \/ Yoast SEO plugin. -->","yoast_head_json":{"title":"Rekrutacja - Przedszkole Niepubliczne &quot;Promyczek&quot;, Niepubliczny \u017b\u0142obek &quot;Iskierka&quot;","robots":{"index":"index","follow":"follow","max-snippet":"max-snippet:-1","max-image-preview":"max-image-preview:large","max-video-preview":"max-video-preview:-1"},"canonical":"https:\/\/www.iskierkapromyczektorun.com.pl\/index.php\/rekrutacja\/","og_locale":"pl_PL","og_type":"article","og_title":"Rekrutacja - Przedszkole Niepubliczne &quot;Promyczek&quot;, Niepubliczny \u017b\u0142obek &quot;Iskierka&quot;","og_description":"Aby zapisa\u0107 dziecko do przedszkola lub \u017c\u0142obka: Wykorzystaj dost\u0119pny po lewej stronie formularz rekrutacyjny. Po przes\u0142aniu danych, skontaktujemy si\u0119 z Tob\u0105 w celu ich potwierdzenia oraz ustalenia dalszych krok\u00f3w rekrutacyjnych. Zadzwo\u0144 do nas numer telefonu: + 48 724 125 340 lub napisz promyczek.iskierka@gmail.com Skorzystaj z formularza kontaktowego w zak\u0142adce&nbsp;Kontakt","og_url":"https:\/\/www.iskierkapromyczektorun.com.pl\/index.php\/rekrutacja\/","og_site_name":"Przedszkole Niepubliczne &quot;Promyczek&quot;, Niepubliczny \u017b\u0142obek &quot;Iskierka&quot;","article_publisher":"https:\/\/www.facebook.com\/promyczek.iskierka\/","article_modified_time":"2025-06-04T13:31:49+00:00","og_image":[{"url":"http:\/\/www.iskierkapromyczektorun.com.pl\/wp-content\/uploads\/2025\/06\/nabor-1-1024x735.jpg"}],"twitter_card":"summary_large_image","twitter_misc":{"Szacowany czas czytania":"1 minuta"},"schema":{"@context":"https:\/\/schema.org","@graph":[{"@type":"WebPage","@id":"https:\/\/www.iskierkapromyczektorun.com.pl\/index.php\/rekrutacja\/","url":"https:\/\/www.iskierkapromyczektorun.com.pl\/index.php\/rekrutacja\/","name":"Rekrutacja - Przedszkole Niepubliczne &quot;Promyczek&quot;, Niepubliczny \u017b\u0142obek &quot;Iskierka&quot;","isPartOf":{"@id":"http:\/\/www.iskierkapromyczektorun.com.pl\/#website"},"datePublished":"2022-07-11T12:47:14+00:00","dateModified":"2025-06-04T13:31:49+00:00","breadcrumb":{"@id":"https:\/\/www.iskierkapromyczektorun.com.pl\/index.php\/rekrutacja\/#breadcrumb"},"inLanguage":"pl-PL","potentialAction":[{"@type":"ReadAction","target":["https:\/\/www.iskierkapromyczektorun.com.pl\/index.php\/rekrutacja\/"]}]},{"@type":"BreadcrumbList","@id":"https:\/\/www.iskierkapromyczektorun.com.pl\/index.php\/rekrutacja\/#breadcrumb","itemListElement":[{"@type":"ListItem","position":1,"name":"Strona g\u0142\u00f3wna","item":"http:\/\/www.iskierkapromyczektorun.com.pl\/"},{"@type":"ListItem","position":2,"name":"Rekrutacja"}]},{"@type":"WebSite","@id":"http:\/\/www.iskierkapromyczektorun.com.pl\/#website","url":"http:\/\/www.iskierkapromyczektorun.com.pl\/","name":"Przedszkole Niepubliczne &quot;Promyczek&quot;, Niepubliczny \u017b\u0142obek &quot;Iskierka&quot;","description":"Przedszkole Niepubliczne &quot;Promyczek&quot;, Niepubliczny \u017b\u0142obek &quot;Iskierka&quot;","publisher":{"@id":"http:\/\/www.iskierkapromyczektorun.com.pl\/#organization"},"potentialAction":[{"@type":"SearchAction","target":{"@type":"EntryPoint","urlTemplate":"http:\/\/www.iskierkapromyczektorun.com.pl\/?s={search_term_string}"},"query-input":"required name=search_term_string"}],"inLanguage":"pl-PL"},{"@type":"Organization","@id":"http:\/\/www.iskierkapromyczektorun.com.pl\/#organization","name":"Niepubliczny \u017b\u0142obek \"Iskierka i Niepubliczne Przedszkole \"Promyczek\"","url":"http:\/\/www.iskierkapromyczektorun.com.pl\/","sameAs":["https:\/\/www.instagram.com\/iskierka.promyczek.torun\/","https:\/\/www.facebook.com\/promyczek.iskierka\/"],"logo":{"@type":"ImageObject","inLanguage":"pl-PL","@id":"http:\/\/www.iskierkapromyczektorun.com.pl\/#\/schema\/logo\/image\/","url":"http:\/\/www.iskierkapromyczektorun.com.pl\/wp-content\/uploads\/2022\/07\/cropped-cropped-cropped-cropped-cropped-cropped-ISKIERKA-1.jpg","contentUrl":"http:\/\/www.iskierkapromyczektorun.com.pl\/wp-content\/uploads\/2022\/07\/cropped-cropped-cropped-cropped-cropped-cropped-ISKIERKA-1.jpg","width":250,"height":250,"caption":"Niepubliczny \u017b\u0142obek \"Iskierka i Niepubliczne Przedszkole \"Promyczek\""},"image":{"@id":"http:\/\/www.iskierkapromyczektorun.com.pl\/#\/schema\/logo\/image\/"}}]}},"_links":{"self":[{"href":"http:\/\/www.iskierkapromyczektorun.com.pl\/index.php\/wp-json\/wp\/v2\/pages\/50"}],"collection":[{"href":"http:\/\/www.iskierkapromyczektorun.com.pl\/index.php\/wp-json\/wp\/v2\/pages"}],"about":[{"href":"http:\/\/www.iskierkapromyczektorun.com.pl\/index.php\/wp-json\/wp\/v2\/types\/page"}],"author":[{"embeddable":true,"href":"http:\/\/www.iskierkapromyczektorun.com.pl\/index.php\/wp-json\/wp\/v2\/users\/1"}],"replies":[{"embeddable":true,"href":"http:\/\/www.iskierkapromyczektorun.com.pl\/index.php\/wp-json\/wp\/v2\/comments?post=50"}],"version-history":[{"count":10,"href":"http:\/\/www.iskierkapromyczektorun.com.pl\/index.php\/wp-json\/wp\/v2\/pages\/50\/revisions"}],"predecessor-version":[{"id":812,"href":"http:\/\/www.iskierkapromyczektorun.com.pl\/index.php\/wp-json\/wp\/v2\/pages\/50\/revisions\/812"}],"wp:attachment":[{"href":"http:\/\/www.iskierkapromyczektorun.com.pl\/index.php\/wp-json\/wp\/v2\/media?parent=50"}],"curies":[{"name":"wp","href":"https:\/\/api.w.org\/{rel}","templated":true}]}}