{"id":45,"date":"2022-07-11T12:46:38","date_gmt":"2022-07-11T12:46:38","guid":{"rendered":"http:\/\/www.iskierkapromyczektorun.com.pl\/?page_id=45"},"modified":"2023-08-22T11:58:11","modified_gmt":"2023-08-22T11:58:11","slug":"przedszkole-plan-dnia","status":"publish","type":"page","link":"http:\/\/www.iskierkapromyczektorun.com.pl\/index.php\/przedszkole-plan-dnia\/","title":{"rendered":"Przedszkole &#8211; plan dnia i organizacja"},"content":{"rendered":"<div class=\"wp-block-image\">\n<figure class=\"aligncenter size-full\"><img loading=\"lazy\" width=\"598\" height=\"782\" src=\"http:\/\/www.iskierkapromyczektorun.com.pl\/wp-content\/uploads\/2023\/08\/przedszkole-plan-dnia.jpg\" alt=\"\" class=\"wp-image-538\" srcset=\"http:\/\/www.iskierkapromyczektorun.com.pl\/wp-content\/uploads\/2023\/08\/przedszkole-plan-dnia.jpg 598w, http:\/\/www.iskierkapromyczektorun.com.pl\/wp-content\/uploads\/2023\/08\/przedszkole-plan-dnia-229x300.jpg 229w\" sizes=\"(max-width: 598px) 100vw, 598px\" \/><\/figure><\/div>","protected":false},"excerpt":{"rendered":"","protected":false},"author":1,"featured_media":0,"parent":0,"menu_order":0,"comment_status":"closed","ping_status":"closed","template":"","meta":[],"yoast_head":"<!-- This site is optimized with the Yoast SEO plugin v19.5.1 - https:\/\/yoast.com\/wordpress\/plugins\/seo\/ -->\n<title>Przedszkole - plan dnia i organizacja - Przedszkole Niepubliczne &quot;Promyczek&quot;, Niepubliczny \u017b\u0142obek &quot;Iskierka&quot;<\/title>\n<meta name=\"robots\" content=\"index, follow, max-snippet:-1, max-image-preview:large, max-video-preview:-1\" \/>\n<link rel=\"canonical\" href=\"http:\/\/www.iskierkapromyczektorun.com.pl\/index.php\/przedszkole-plan-dnia\/\" \/>\n<meta property=\"og:locale\" content=\"pl_PL\" \/>\n<meta property=\"og:type\" content=\"article\" \/>\n<meta property=\"og:title\" content=\"Przedszkole - plan dnia i organizacja - Przedszkole Niepubliczne &quot;Promyczek&quot;, Niepubliczny \u017b\u0142obek &quot;Iskierka&quot;\" \/>\n<meta property=\"og:url\" content=\"http:\/\/www.iskierkapromyczektorun.com.pl\/index.php\/przedszkole-plan-dnia\/\" \/>\n<meta property=\"og:site_name\" content=\"Przedszkole Niepubliczne &quot;Promyczek&quot;, Niepubliczny \u017b\u0142obek &quot;Iskierka&quot;\" \/>\n<meta property=\"article:publisher\" content=\"https:\/\/www.facebook.com\/promyczek.iskierka\/\" \/>\n<meta property=\"article:modified_time\" content=\"2023-08-22T11:58:11+00:00\" \/>\n<meta property=\"og:image\" content=\"http:\/\/www.iskierkapromyczektorun.com.pl\/wp-content\/uploads\/2023\/08\/przedszkole-plan-dnia.jpg\" \/>\n<meta name=\"twitter:card\" content=\"summary_large_image\" \/>\n<meta name=\"twitter:label1\" content=\"Szacowany czas czytania\" \/>\n\t<meta name=\"twitter:data1\" content=\"1 minuta\" \/>\n<script type=\"application\/ld+json\" class=\"yoast-schema-graph\">{\"@context\":\"https:\/\/schema.org\",\"@graph\":[{\"@type\":\"WebPage\",\"@id\":\"http:\/\/www.iskierkapromyczektorun.com.pl\/index.php\/przedszkole-plan-dnia\/\",\"url\":\"http:\/\/www.iskierkapromyczektorun.com.pl\/index.php\/przedszkole-plan-dnia\/\",\"name\":\"Przedszkole - plan dnia i organizacja - Przedszkole Niepubliczne &quot;Promyczek&quot;, Niepubliczny \u017b\u0142obek &quot;Iskierka&quot;\",\"isPartOf\":{\"@id\":\"http:\/\/www.iskierkapromyczektorun.com.pl\/#website\"},\"datePublished\":\"2022-07-11T12:46:38+00:00\",\"dateModified\":\"2023-08-22T11:58:11+00:00\",\"breadcrumb\":{\"@id\":\"http:\/\/www.iskierkapromyczektorun.com.pl\/index.php\/przedszkole-plan-dnia\/#breadcrumb\"},\"inLanguage\":\"pl-PL\",\"potentialAction\":[{\"@type\":\"ReadAction\",\"target\":[\"http:\/\/www.iskierkapromyczektorun.com.pl\/index.php\/przedszkole-plan-dnia\/\"]}]},{\"@type\":\"BreadcrumbList\",\"@id\":\"http:\/\/www.iskierkapromyczektorun.com.pl\/index.php\/przedszkole-plan-dnia\/#breadcrumb\",\"itemListElement\":[{\"@type\":\"ListItem\",\"position\":1,\"name\":\"Strona g\u0142\u00f3wna\",\"item\":\"http:\/\/www.iskierkapromyczektorun.com.pl\/\"},{\"@type\":\"ListItem\",\"position\":2,\"name\":\"Przedszkole &#8211; plan dnia i organizacja\"}]},{\"@type\":\"WebSite\",\"@id\":\"http:\/\/www.iskierkapromyczektorun.com.pl\/#website\",\"url\":\"http:\/\/www.iskierkapromyczektorun.com.pl\/\",\"name\":\"Przedszkole Niepubliczne &quot;Promyczek&quot;, Niepubliczny \u017b\u0142obek &quot;Iskierka&quot;\",\"description\":\"Przedszkole Niepubliczne &quot;Promyczek&quot;, Niepubliczny \u017b\u0142obek &quot;Iskierka&quot;\",\"publisher\":{\"@id\":\"http:\/\/www.iskierkapromyczektorun.com.pl\/#organization\"},\"potentialAction\":[{\"@type\":\"SearchAction\",\"target\":{\"@type\":\"EntryPoint\",\"urlTemplate\":\"http:\/\/www.iskierkapromyczektorun.com.pl\/?s={search_term_string}\"},\"query-input\":\"required name=search_term_string\"}],\"inLanguage\":\"pl-PL\"},{\"@type\":\"Organization\",\"@id\":\"http:\/\/www.iskierkapromyczektorun.com.pl\/#organization\",\"name\":\"Niepubliczny \u017b\u0142obek \\\"Iskierka i Niepubliczne Przedszkole \\\"Promyczek\\\"\",\"url\":\"http:\/\/www.iskierkapromyczektorun.com.pl\/\",\"sameAs\":[\"https:\/\/www.instagram.com\/iskierka.promyczek.torun\/\",\"https:\/\/www.facebook.com\/promyczek.iskierka\/\"],\"logo\":{\"@type\":\"ImageObject\",\"inLanguage\":\"pl-PL\",\"@id\":\"http:\/\/www.iskierkapromyczektorun.com.pl\/#\/schema\/logo\/image\/\",\"url\":\"http:\/\/www.iskierkapromyczektorun.com.pl\/wp-content\/uploads\/2022\/07\/cropped-cropped-cropped-cropped-cropped-cropped-ISKIERKA-1.jpg\",\"contentUrl\":\"http:\/\/www.iskierkapromyczektorun.com.pl\/wp-content\/uploads\/2022\/07\/cropped-cropped-cropped-cropped-cropped-cropped-ISKIERKA-1.jpg\",\"width\":250,\"height\":250,\"caption\":\"Niepubliczny \u017b\u0142obek \\\"Iskierka i Niepubliczne Przedszkole \\\"Promyczek\\\"\"},\"image\":{\"@id\":\"http:\/\/www.iskierkapromyczektorun.com.pl\/#\/schema\/logo\/image\/\"}}]}<\/script>\n<!-- \/ Yoast SEO plugin. -->","yoast_head_json":{"title":"Przedszkole - plan dnia i organizacja - Przedszkole Niepubliczne &quot;Promyczek&quot;, Niepubliczny \u017b\u0142obek &quot;Iskierka&quot;","robots":{"index":"index","follow":"follow","max-snippet":"max-snippet:-1","max-image-preview":"max-image-preview:large","max-video-preview":"max-video-preview:-1"},"canonical":"http:\/\/www.iskierkapromyczektorun.com.pl\/index.php\/przedszkole-plan-dnia\/","og_locale":"pl_PL","og_type":"article","og_title":"Przedszkole - plan dnia i organizacja - Przedszkole Niepubliczne &quot;Promyczek&quot;, Niepubliczny \u017b\u0142obek &quot;Iskierka&quot;","og_url":"http:\/\/www.iskierkapromyczektorun.com.pl\/index.php\/przedszkole-plan-dnia\/","og_site_name":"Przedszkole Niepubliczne &quot;Promyczek&quot;, Niepubliczny \u017b\u0142obek &quot;Iskierka&quot;","article_publisher":"https:\/\/www.facebook.com\/promyczek.iskierka\/","article_modified_time":"2023-08-22T11:58:11+00:00","og_image":[{"url":"http:\/\/www.iskierkapromyczektorun.com.pl\/wp-content\/uploads\/2023\/08\/przedszkole-plan-dnia.jpg"}],"twitter_card":"summary_large_image","twitter_misc":{"Szacowany czas czytania":"1 minuta"},"schema":{"@context":"https:\/\/schema.org","@graph":[{"@type":"WebPage","@id":"http:\/\/www.iskierkapromyczektorun.com.pl\/index.php\/przedszkole-plan-dnia\/","url":"http:\/\/www.iskierkapromyczektorun.com.pl\/index.php\/przedszkole-plan-dnia\/","name":"Przedszkole - plan dnia i organizacja - Przedszkole Niepubliczne &quot;Promyczek&quot;, Niepubliczny \u017b\u0142obek &quot;Iskierka&quot;","isPartOf":{"@id":"http:\/\/www.iskierkapromyczektorun.com.pl\/#website"},"datePublished":"2022-07-11T12:46:38+00:00","dateModified":"2023-08-22T11:58:11+00:00","breadcrumb":{"@id":"http:\/\/www.iskierkapromyczektorun.com.pl\/index.php\/przedszkole-plan-dnia\/#breadcrumb"},"inLanguage":"pl-PL","potentialAction":[{"@type":"ReadAction","target":["http:\/\/www.iskierkapromyczektorun.com.pl\/index.php\/przedszkole-plan-dnia\/"]}]},{"@type":"BreadcrumbList","@id":"http:\/\/www.iskierkapromyczektorun.com.pl\/index.php\/przedszkole-plan-dnia\/#breadcrumb","itemListElement":[{"@type":"ListItem","position":1,"name":"Strona g\u0142\u00f3wna","item":"http:\/\/www.iskierkapromyczektorun.com.pl\/"},{"@type":"ListItem","position":2,"name":"Przedszkole &#8211; plan dnia i organizacja"}]},{"@type":"WebSite","@id":"http:\/\/www.iskierkapromyczektorun.com.pl\/#website","url":"http:\/\/www.iskierkapromyczektorun.com.pl\/","name":"Przedszkole Niepubliczne &quot;Promyczek&quot;, Niepubliczny \u017b\u0142obek &quot;Iskierka&quot;","description":"Przedszkole Niepubliczne &quot;Promyczek&quot;, Niepubliczny \u017b\u0142obek &quot;Iskierka&quot;","publisher":{"@id":"http:\/\/www.iskierkapromyczektorun.com.pl\/#organization"},"potentialAction":[{"@type":"SearchAction","target":{"@type":"EntryPoint","urlTemplate":"http:\/\/www.iskierkapromyczektorun.com.pl\/?s={search_term_string}"},"query-input":"required name=search_term_string"}],"inLanguage":"pl-PL"},{"@type":"Organization","@id":"http:\/\/www.iskierkapromyczektorun.com.pl\/#organization","name":"Niepubliczny \u017b\u0142obek \"Iskierka i Niepubliczne Przedszkole \"Promyczek\"","url":"http:\/\/www.iskierkapromyczektorun.com.pl\/","sameAs":["https:\/\/www.instagram.com\/iskierka.promyczek.torun\/","https:\/\/www.facebook.com\/promyczek.iskierka\/"],"logo":{"@type":"ImageObject","inLanguage":"pl-PL","@id":"http:\/\/www.iskierkapromyczektorun.com.pl\/#\/schema\/logo\/image\/","url":"http:\/\/www.iskierkapromyczektorun.com.pl\/wp-content\/uploads\/2022\/07\/cropped-cropped-cropped-cropped-cropped-cropped-ISKIERKA-1.jpg","contentUrl":"http:\/\/www.iskierkapromyczektorun.com.pl\/wp-content\/uploads\/2022\/07\/cropped-cropped-cropped-cropped-cropped-cropped-ISKIERKA-1.jpg","width":250,"height":250,"caption":"Niepubliczny \u017b\u0142obek \"Iskierka i Niepubliczne Przedszkole \"Promyczek\""},"image":{"@id":"http:\/\/www.iskierkapromyczektorun.com.pl\/#\/schema\/logo\/image\/"}}]}},"_links":{"self":[{"href":"http:\/\/www.iskierkapromyczektorun.com.pl\/index.php\/wp-json\/wp\/v2\/pages\/45"}],"collection":[{"href":"http:\/\/www.iskierkapromyczektorun.com.pl\/index.php\/wp-json\/wp\/v2\/pages"}],"about":[{"href":"http:\/\/www.iskierkapromyczektorun.com.pl\/index.php\/wp-json\/wp\/v2\/types\/page"}],"author":[{"embeddable":true,"href":"http:\/\/www.iskierkapromyczektorun.com.pl\/index.php\/wp-json\/wp\/v2\/users\/1"}],"replies":[{"embeddable":true,"href":"http:\/\/www.iskierkapromyczektorun.com.pl\/index.php\/wp-json\/wp\/v2\/comments?post=45"}],"version-history":[{"count":5,"href":"http:\/\/www.iskierkapromyczektorun.com.pl\/index.php\/wp-json\/wp\/v2\/pages\/45\/revisions"}],"predecessor-version":[{"id":539,"href":"http:\/\/www.iskierkapromyczektorun.com.pl\/index.php\/wp-json\/wp\/v2\/pages\/45\/revisions\/539"}],"wp:attachment":[{"href":"http:\/\/www.iskierkapromyczektorun.com.pl\/index.php\/wp-json\/wp\/v2\/media?parent=45"}],"curies":[{"name":"wp","href":"https:\/\/api.w.org\/{rel}","templated":true}]}}