{"id":2,"date":"2022-07-11T13:55:13","date_gmt":"2022-07-11T13:55:13","guid":{"rendered":"http:\/\/www.iskierkapromyczektorun.com.pl\/?page_id=2"},"modified":"2024-01-10T10:38:23","modified_gmt":"2024-01-10T10:38:23","slug":"sample-page","status":"publish","type":"page","link":"http:\/\/www.iskierkapromyczektorun.com.pl\/","title":{"rendered":"Strona g\u0142\u00f3wna"},"content":{"rendered":"\n<h2 class=\"has-text-align-center\">MALUCH + 2022-2029<\/h2>\n\n\n\n<figure class=\"wp-block-image size-large\"><img loading=\"lazy\" width=\"1024\" height=\"720\" src=\"http:\/\/www.iskierkapromyczektorun.com.pl\/wp-content\/uploads\/2024\/01\/tablica-1024x720.jpg\" alt=\"\" class=\"wp-image-632\" srcset=\"http:\/\/www.iskierkapromyczektorun.com.pl\/wp-content\/uploads\/2024\/01\/tablica-1024x720.jpg 1024w, http:\/\/www.iskierkapromyczektorun.com.pl\/wp-content\/uploads\/2024\/01\/tablica-300x211.jpg 300w, http:\/\/www.iskierkapromyczektorun.com.pl\/wp-content\/uploads\/2024\/01\/tablica-768x540.jpg 768w, http:\/\/www.iskierkapromyczektorun.com.pl\/wp-content\/uploads\/2024\/01\/tablica.jpg 1200w\" sizes=\"(max-width: 1024px) 100vw, 1024px\" \/><\/figure>\n\n\n\n<figure class=\"wp-container-2 wp-block-gallery-1 wp-block-gallery has-nested-images columns-default is-cropped\">\n<figure class=\"wp-block-image size-large\"><img loading=\"lazy\" width=\"768\" height=\"1024\" data-id=\"307\"  src=\"http:\/\/www.iskierkapromyczektorun.com.pl\/wp-content\/uploads\/2022\/08\/9527d9e1-9e17-4b08-9e2a-4ba2271355af-1-768x1024.jpg\" alt=\"\" class=\"wp-image-307\" srcset=\"http:\/\/www.iskierkapromyczektorun.com.pl\/wp-content\/uploads\/2022\/08\/9527d9e1-9e17-4b08-9e2a-4ba2271355af-1-768x1024.jpg 768w, http:\/\/www.iskierkapromyczektorun.com.pl\/wp-content\/uploads\/2022\/08\/9527d9e1-9e17-4b08-9e2a-4ba2271355af-1-225x300.jpg 225w, http:\/\/www.iskierkapromyczektorun.com.pl\/wp-content\/uploads\/2022\/08\/9527d9e1-9e17-4b08-9e2a-4ba2271355af-1-1152x1536.jpg 1152w, http:\/\/www.iskierkapromyczektorun.com.pl\/wp-content\/uploads\/2022\/08\/9527d9e1-9e17-4b08-9e2a-4ba2271355af-1.jpg 1536w\" sizes=\"(max-width: 768px) 100vw, 768px\" \/><\/figure>\n\n\n\n<figure class=\"wp-block-image size-large\"><img loading=\"lazy\" width=\"1024\" height=\"768\" data-id=\"308\"  src=\"http:\/\/www.iskierkapromyczektorun.com.pl\/wp-content\/uploads\/2022\/08\/164A7F3F-148B-4809-A054-F2E453B4BCCB-1-1024x768.jpg\" alt=\"\" class=\"wp-image-308\" srcset=\"http:\/\/www.iskierkapromyczektorun.com.pl\/wp-content\/uploads\/2022\/08\/164A7F3F-148B-4809-A054-F2E453B4BCCB-1-1024x768.jpg 1024w, http:\/\/www.iskierkapromyczektorun.com.pl\/wp-content\/uploads\/2022\/08\/164A7F3F-148B-4809-A054-F2E453B4BCCB-1-300x225.jpg 300w, http:\/\/www.iskierkapromyczektorun.com.pl\/wp-content\/uploads\/2022\/08\/164A7F3F-148B-4809-A054-F2E453B4BCCB-1-768x576.jpg 768w, http:\/\/www.iskierkapromyczektorun.com.pl\/wp-content\/uploads\/2022\/08\/164A7F3F-148B-4809-A054-F2E453B4BCCB-1.jpg 1440w\" sizes=\"(max-width: 1024px) 100vw, 1024px\" \/><\/figure>\n\n\n\n<figure class=\"wp-block-image size-large\"><img loading=\"lazy\" width=\"1024\" height=\"769\" data-id=\"306\"  src=\"http:\/\/www.iskierkapromyczektorun.com.pl\/wp-content\/uploads\/2022\/08\/5B1A661B-EBD8-4CF6-8EAD-79F825D51272-1-1024x769.jpg\" alt=\"\" class=\"wp-image-306\" srcset=\"http:\/\/www.iskierkapromyczektorun.com.pl\/wp-content\/uploads\/2022\/08\/5B1A661B-EBD8-4CF6-8EAD-79F825D51272-1-1024x769.jpg 1024w, http:\/\/www.iskierkapromyczektorun.com.pl\/wp-content\/uploads\/2022\/08\/5B1A661B-EBD8-4CF6-8EAD-79F825D51272-1-300x225.jpg 300w, http:\/\/www.iskierkapromyczektorun.com.pl\/wp-content\/uploads\/2022\/08\/5B1A661B-EBD8-4CF6-8EAD-79F825D51272-1-768x577.jpg 768w, http:\/\/www.iskierkapromyczektorun.com.pl\/wp-content\/uploads\/2022\/08\/5B1A661B-EBD8-4CF6-8EAD-79F825D51272-1.jpg 1440w\" sizes=\"(max-width: 1024px) 100vw, 1024px\" \/><\/figure>\n\n\n\n<figure class=\"wp-block-image size-large\"><img loading=\"lazy\" width=\"768\" height=\"1024\" data-id=\"303\"  src=\"http:\/\/www.iskierkapromyczektorun.com.pl\/wp-content\/uploads\/2022\/08\/baf0ba08-6308-4dc2-9e04-dbc4c89072e9-1-768x1024.jpg\" alt=\"\" class=\"wp-image-303\" srcset=\"http:\/\/www.iskierkapromyczektorun.com.pl\/wp-content\/uploads\/2022\/08\/baf0ba08-6308-4dc2-9e04-dbc4c89072e9-1-768x1023.jpg 768w, http:\/\/www.iskierkapromyczektorun.com.pl\/wp-content\/uploads\/2022\/08\/baf0ba08-6308-4dc2-9e04-dbc4c89072e9-1-225x300.jpg 225w, http:\/\/www.iskierkapromyczektorun.com.pl\/wp-content\/uploads\/2022\/08\/baf0ba08-6308-4dc2-9e04-dbc4c89072e9-1-1153x1536.jpg 1153w, http:\/\/www.iskierkapromyczektorun.com.pl\/wp-content\/uploads\/2022\/08\/baf0ba08-6308-4dc2-9e04-dbc4c89072e9-1.jpg 1200w\" sizes=\"(max-width: 768px) 100vw, 768px\" \/><\/figure>\n\n\n\n<figure class=\"wp-block-image size-large\"><img loading=\"lazy\" width=\"1024\" height=\"769\" data-id=\"304\"  src=\"http:\/\/www.iskierkapromyczektorun.com.pl\/wp-content\/uploads\/2022\/08\/DBF08BF8-A029-4ECD-99F5-710C96F74501-1-1024x769.jpg\" alt=\"\" class=\"wp-image-304\" srcset=\"http:\/\/www.iskierkapromyczektorun.com.pl\/wp-content\/uploads\/2022\/08\/DBF08BF8-A029-4ECD-99F5-710C96F74501-1-1024x769.jpg 1024w, http:\/\/www.iskierkapromyczektorun.com.pl\/wp-content\/uploads\/2022\/08\/DBF08BF8-A029-4ECD-99F5-710C96F74501-1-300x225.jpg 300w, http:\/\/www.iskierkapromyczektorun.com.pl\/wp-content\/uploads\/2022\/08\/DBF08BF8-A029-4ECD-99F5-710C96F74501-1-768x577.jpg 768w, http:\/\/www.iskierkapromyczektorun.com.pl\/wp-content\/uploads\/2022\/08\/DBF08BF8-A029-4ECD-99F5-710C96F74501-1.jpg 1440w\" sizes=\"(max-width: 1024px) 100vw, 1024px\" \/><\/figure>\n\n\n\n<figure class=\"wp-block-image size-large\"><img loading=\"lazy\" width=\"768\" height=\"1024\" data-id=\"305\"  src=\"http:\/\/www.iskierkapromyczektorun.com.pl\/wp-content\/uploads\/2022\/08\/b7e2ef3e-d9e2-4fa8-aa38-53ed8ac26216-1-768x1024.jpg\" alt=\"\" class=\"wp-image-305\" srcset=\"http:\/\/www.iskierkapromyczektorun.com.pl\/wp-content\/uploads\/2022\/08\/b7e2ef3e-d9e2-4fa8-aa38-53ed8ac26216-1-768x1023.jpg 768w, http:\/\/www.iskierkapromyczektorun.com.pl\/wp-content\/uploads\/2022\/08\/b7e2ef3e-d9e2-4fa8-aa38-53ed8ac26216-1-225x300.jpg 225w, http:\/\/www.iskierkapromyczektorun.com.pl\/wp-content\/uploads\/2022\/08\/b7e2ef3e-d9e2-4fa8-aa38-53ed8ac26216-1-1153x1536.jpg 1153w, http:\/\/www.iskierkapromyczektorun.com.pl\/wp-content\/uploads\/2022\/08\/b7e2ef3e-d9e2-4fa8-aa38-53ed8ac26216-1.jpg 1200w\" sizes=\"(max-width: 768px) 100vw, 768px\" \/><\/figure>\n\n\n\n<figure class=\"wp-block-image size-large\"><img loading=\"lazy\" width=\"1024\" height=\"768\" data-id=\"309\"  src=\"http:\/\/www.iskierkapromyczektorun.com.pl\/wp-content\/uploads\/2022\/08\/11869807-d4bf-43c2-94f5-b1d92e8bd383-1-1024x768.jpg\" alt=\"\" class=\"wp-image-309\" srcset=\"http:\/\/www.iskierkapromyczektorun.com.pl\/wp-content\/uploads\/2022\/08\/11869807-d4bf-43c2-94f5-b1d92e8bd383-1-1024x768.jpg 1024w, http:\/\/www.iskierkapromyczektorun.com.pl\/wp-content\/uploads\/2022\/08\/11869807-d4bf-43c2-94f5-b1d92e8bd383-1-300x225.jpg 300w, http:\/\/www.iskierkapromyczektorun.com.pl\/wp-content\/uploads\/2022\/08\/11869807-d4bf-43c2-94f5-b1d92e8bd383-1-768x576.jpg 768w, http:\/\/www.iskierkapromyczektorun.com.pl\/wp-content\/uploads\/2022\/08\/11869807-d4bf-43c2-94f5-b1d92e8bd383-1-1536x1152.jpg 1536w, http:\/\/www.iskierkapromyczektorun.com.pl\/wp-content\/uploads\/2022\/08\/11869807-d4bf-43c2-94f5-b1d92e8bd383-1.jpg 2048w\" sizes=\"(max-width: 1024px) 100vw, 1024px\" \/><\/figure>\n<\/figure>\n","protected":false},"excerpt":{"rendered":"<p>MALUCH + 2022-2029<\/p>\n","protected":false},"author":1,"featured_media":0,"parent":0,"menu_order":0,"comment_status":"closed","ping_status":"open","template":"","meta":[],"yoast_head":"<!-- This site is optimized with the Yoast SEO plugin v19.5.1 - https:\/\/yoast.com\/wordpress\/plugins\/seo\/ -->\n<title>Strona g\u0142\u00f3wna - Przedszkole Niepubliczne &quot;Promyczek&quot;, Niepubliczny \u017b\u0142obek &quot;Iskierka&quot;<\/title>\n<meta name=\"robots\" content=\"index, follow, max-snippet:-1, max-image-preview:large, max-video-preview:-1\" \/>\n<link rel=\"canonical\" href=\"http:\/\/www.iskierkapromyczektorun.com.pl\/\" \/>\n<meta property=\"og:locale\" content=\"pl_PL\" \/>\n<meta property=\"og:type\" content=\"article\" \/>\n<meta property=\"og:title\" content=\"Strona g\u0142\u00f3wna - Przedszkole Niepubliczne &quot;Promyczek&quot;, Niepubliczny \u017b\u0142obek &quot;Iskierka&quot;\" \/>\n<meta property=\"og:description\" content=\"MALUCH + 2022-2029\" \/>\n<meta property=\"og:url\" content=\"http:\/\/www.iskierkapromyczektorun.com.pl\/\" \/>\n<meta property=\"og:site_name\" content=\"Przedszkole Niepubliczne &quot;Promyczek&quot;, Niepubliczny \u017b\u0142obek &quot;Iskierka&quot;\" \/>\n<meta property=\"article:publisher\" content=\"https:\/\/www.facebook.com\/promyczek.iskierka\/\" \/>\n<meta property=\"article:modified_time\" content=\"2024-01-10T10:38:23+00:00\" \/>\n<meta property=\"og:image\" content=\"http:\/\/www.iskierkapromyczektorun.com.pl\/wp-content\/uploads\/2024\/01\/tablica-1024x720.jpg\" \/>\n<meta name=\"twitter:card\" content=\"summary_large_image\" \/>\n<meta name=\"twitter:label1\" content=\"Szacowany czas czytania\" \/>\n\t<meta name=\"twitter:data1\" content=\"2 minuty\" \/>\n<script type=\"application\/ld+json\" class=\"yoast-schema-graph\">{\"@context\":\"https:\/\/schema.org\",\"@graph\":[{\"@type\":\"WebPage\",\"@id\":\"http:\/\/www.iskierkapromyczektorun.com.pl\/\",\"url\":\"http:\/\/www.iskierkapromyczektorun.com.pl\/\",\"name\":\"Strona g\u0142\u00f3wna - Przedszkole Niepubliczne &quot;Promyczek&quot;, Niepubliczny \u017b\u0142obek &quot;Iskierka&quot;\",\"isPartOf\":{\"@id\":\"http:\/\/www.iskierkapromyczektorun.com.pl\/#website\"},\"datePublished\":\"2022-07-11T13:55:13+00:00\",\"dateModified\":\"2024-01-10T10:38:23+00:00\",\"breadcrumb\":{\"@id\":\"http:\/\/www.iskierkapromyczektorun.com.pl\/#breadcrumb\"},\"inLanguage\":\"pl-PL\",\"potentialAction\":[{\"@type\":\"ReadAction\",\"target\":[\"http:\/\/www.iskierkapromyczektorun.com.pl\/\"]}]},{\"@type\":\"BreadcrumbList\",\"@id\":\"http:\/\/www.iskierkapromyczektorun.com.pl\/#breadcrumb\",\"itemListElement\":[{\"@type\":\"ListItem\",\"position\":1,\"name\":\"Strona g\u0142\u00f3wna\",\"item\":\"http:\/\/www.iskierkapromyczektorun.com.pl\/\"},{\"@type\":\"ListItem\",\"position\":2,\"name\":\"Strona g\u0142\u00f3wna\"}]},{\"@type\":\"WebSite\",\"@id\":\"http:\/\/www.iskierkapromyczektorun.com.pl\/#website\",\"url\":\"http:\/\/www.iskierkapromyczektorun.com.pl\/\",\"name\":\"Przedszkole Niepubliczne &quot;Promyczek&quot;, Niepubliczny \u017b\u0142obek &quot;Iskierka&quot;\",\"description\":\"Przedszkole Niepubliczne &quot;Promyczek&quot;, Niepubliczny \u017b\u0142obek &quot;Iskierka&quot;\",\"publisher\":{\"@id\":\"http:\/\/www.iskierkapromyczektorun.com.pl\/#organization\"},\"potentialAction\":[{\"@type\":\"SearchAction\",\"target\":{\"@type\":\"EntryPoint\",\"urlTemplate\":\"http:\/\/www.iskierkapromyczektorun.com.pl\/?s={search_term_string}\"},\"query-input\":\"required name=search_term_string\"}],\"inLanguage\":\"pl-PL\"},{\"@type\":\"Organization\",\"@id\":\"http:\/\/www.iskierkapromyczektorun.com.pl\/#organization\",\"name\":\"Niepubliczny \u017b\u0142obek \\\"Iskierka i Niepubliczne Przedszkole \\\"Promyczek\\\"\",\"url\":\"http:\/\/www.iskierkapromyczektorun.com.pl\/\",\"sameAs\":[\"https:\/\/www.instagram.com\/iskierka.promyczek.torun\/\",\"https:\/\/www.facebook.com\/promyczek.iskierka\/\"],\"logo\":{\"@type\":\"ImageObject\",\"inLanguage\":\"pl-PL\",\"@id\":\"http:\/\/www.iskierkapromyczektorun.com.pl\/#\/schema\/logo\/image\/\",\"url\":\"http:\/\/www.iskierkapromyczektorun.com.pl\/wp-content\/uploads\/2022\/07\/cropped-cropped-cropped-cropped-cropped-cropped-ISKIERKA-1.jpg\",\"contentUrl\":\"http:\/\/www.iskierkapromyczektorun.com.pl\/wp-content\/uploads\/2022\/07\/cropped-cropped-cropped-cropped-cropped-cropped-ISKIERKA-1.jpg\",\"width\":250,\"height\":250,\"caption\":\"Niepubliczny \u017b\u0142obek \\\"Iskierka i Niepubliczne Przedszkole \\\"Promyczek\\\"\"},\"image\":{\"@id\":\"http:\/\/www.iskierkapromyczektorun.com.pl\/#\/schema\/logo\/image\/\"}}]}<\/script>\n<!-- \/ Yoast SEO plugin. -->","yoast_head_json":{"title":"Strona g\u0142\u00f3wna - Przedszkole Niepubliczne &quot;Promyczek&quot;, Niepubliczny \u017b\u0142obek &quot;Iskierka&quot;","robots":{"index":"index","follow":"follow","max-snippet":"max-snippet:-1","max-image-preview":"max-image-preview:large","max-video-preview":"max-video-preview:-1"},"canonical":"http:\/\/www.iskierkapromyczektorun.com.pl\/","og_locale":"pl_PL","og_type":"article","og_title":"Strona g\u0142\u00f3wna - Przedszkole Niepubliczne &quot;Promyczek&quot;, Niepubliczny \u017b\u0142obek &quot;Iskierka&quot;","og_description":"MALUCH + 2022-2029","og_url":"http:\/\/www.iskierkapromyczektorun.com.pl\/","og_site_name":"Przedszkole Niepubliczne &quot;Promyczek&quot;, Niepubliczny \u017b\u0142obek &quot;Iskierka&quot;","article_publisher":"https:\/\/www.facebook.com\/promyczek.iskierka\/","article_modified_time":"2024-01-10T10:38:23+00:00","og_image":[{"url":"http:\/\/www.iskierkapromyczektorun.com.pl\/wp-content\/uploads\/2024\/01\/tablica-1024x720.jpg"}],"twitter_card":"summary_large_image","twitter_misc":{"Szacowany czas czytania":"2 minuty"},"schema":{"@context":"https:\/\/schema.org","@graph":[{"@type":"WebPage","@id":"http:\/\/www.iskierkapromyczektorun.com.pl\/","url":"http:\/\/www.iskierkapromyczektorun.com.pl\/","name":"Strona g\u0142\u00f3wna - Przedszkole Niepubliczne &quot;Promyczek&quot;, Niepubliczny \u017b\u0142obek &quot;Iskierka&quot;","isPartOf":{"@id":"http:\/\/www.iskierkapromyczektorun.com.pl\/#website"},"datePublished":"2022-07-11T13:55:13+00:00","dateModified":"2024-01-10T10:38:23+00:00","breadcrumb":{"@id":"http:\/\/www.iskierkapromyczektorun.com.pl\/#breadcrumb"},"inLanguage":"pl-PL","potentialAction":[{"@type":"ReadAction","target":["http:\/\/www.iskierkapromyczektorun.com.pl\/"]}]},{"@type":"BreadcrumbList","@id":"http:\/\/www.iskierkapromyczektorun.com.pl\/#breadcrumb","itemListElement":[{"@type":"ListItem","position":1,"name":"Strona g\u0142\u00f3wna","item":"http:\/\/www.iskierkapromyczektorun.com.pl\/"},{"@type":"ListItem","position":2,"name":"Strona g\u0142\u00f3wna"}]},{"@type":"WebSite","@id":"http:\/\/www.iskierkapromyczektorun.com.pl\/#website","url":"http:\/\/www.iskierkapromyczektorun.com.pl\/","name":"Przedszkole Niepubliczne &quot;Promyczek&quot;, Niepubliczny \u017b\u0142obek &quot;Iskierka&quot;","description":"Przedszkole Niepubliczne &quot;Promyczek&quot;, Niepubliczny \u017b\u0142obek &quot;Iskierka&quot;","publisher":{"@id":"http:\/\/www.iskierkapromyczektorun.com.pl\/#organization"},"potentialAction":[{"@type":"SearchAction","target":{"@type":"EntryPoint","urlTemplate":"http:\/\/www.iskierkapromyczektorun.com.pl\/?s={search_term_string}"},"query-input":"required name=search_term_string"}],"inLanguage":"pl-PL"},{"@type":"Organization","@id":"http:\/\/www.iskierkapromyczektorun.com.pl\/#organization","name":"Niepubliczny \u017b\u0142obek \"Iskierka i Niepubliczne Przedszkole \"Promyczek\"","url":"http:\/\/www.iskierkapromyczektorun.com.pl\/","sameAs":["https:\/\/www.instagram.com\/iskierka.promyczek.torun\/","https:\/\/www.facebook.com\/promyczek.iskierka\/"],"logo":{"@type":"ImageObject","inLanguage":"pl-PL","@id":"http:\/\/www.iskierkapromyczektorun.com.pl\/#\/schema\/logo\/image\/","url":"http:\/\/www.iskierkapromyczektorun.com.pl\/wp-content\/uploads\/2022\/07\/cropped-cropped-cropped-cropped-cropped-cropped-ISKIERKA-1.jpg","contentUrl":"http:\/\/www.iskierkapromyczektorun.com.pl\/wp-content\/uploads\/2022\/07\/cropped-cropped-cropped-cropped-cropped-cropped-ISKIERKA-1.jpg","width":250,"height":250,"caption":"Niepubliczny \u017b\u0142obek \"Iskierka i Niepubliczne Przedszkole \"Promyczek\""},"image":{"@id":"http:\/\/www.iskierkapromyczektorun.com.pl\/#\/schema\/logo\/image\/"}}]}},"_links":{"self":[{"href":"http:\/\/www.iskierkapromyczektorun.com.pl\/index.php\/wp-json\/wp\/v2\/pages\/2"}],"collection":[{"href":"http:\/\/www.iskierkapromyczektorun.com.pl\/index.php\/wp-json\/wp\/v2\/pages"}],"about":[{"href":"http:\/\/www.iskierkapromyczektorun.com.pl\/index.php\/wp-json\/wp\/v2\/types\/page"}],"author":[{"embeddable":true,"href":"http:\/\/www.iskierkapromyczektorun.com.pl\/index.php\/wp-json\/wp\/v2\/users\/1"}],"replies":[{"embeddable":true,"href":"http:\/\/www.iskierkapromyczektorun.com.pl\/index.php\/wp-json\/wp\/v2\/comments?post=2"}],"version-history":[{"count":9,"href":"http:\/\/www.iskierkapromyczektorun.com.pl\/index.php\/wp-json\/wp\/v2\/pages\/2\/revisions"}],"predecessor-version":[{"id":635,"href":"http:\/\/www.iskierkapromyczektorun.com.pl\/index.php\/wp-json\/wp\/v2\/pages\/2\/revisions\/635"}],"wp:attachment":[{"href":"http:\/\/www.iskierkapromyczektorun.com.pl\/index.php\/wp-json\/wp\/v2\/media?parent=2"}],"curies":[{"name":"wp","href":"https:\/\/api.w.org\/{rel}","templated":true}]}}